{"id":366,"date":"2026-02-10T05:40:53","date_gmt":"2026-02-10T05:40:53","guid":{"rendered":"https:\/\/hankyu-euro.com\/es\/euro\/?page_id=366"},"modified":"2026-03-06T12:39:06","modified_gmt":"2026-03-06T11:39:06","slug":"reservation_form","status":"publish","type":"page","link":"https:\/\/hankyu-euro.com\/es\/form\/reservation_form\/","title":{"rendered":"Reserva\uff5cJap\u00f3n Viajes"},"content":{"rendered":"\n<form class=\"snow-monkey-form\" id=\"snow-monkey-form-364\" method=\"post\" action=\"\"  enctype=\"multipart\/form-data\" data-screen=\"loading\">\n\t<div class=\"smf-focus-point\" aria-hidden=\"true\"><\/div>\n\t\n\t\n\t\n<div class=\"smf-form\">\n<p>Para ponerse en contacto con nosotros por favor utilice el siguiente formulario.<br>Se requieren los campos marcados con <span class=\"required\">\u203b<\/span><\/p>\n\n\n\n<div class=\"wp-block-columns are-vertically-aligned-center is-layout-flex wp-container-core-columns-is-layout-9d6595d7 wp-block-columns-is-layout-flex\">\n<div class=\"wp-block-column is-vertically-aligned-center is-layout-flow wp-block-column-is-layout-flow\" style=\"flex-basis:30%\">\n<div class=\"wp-block-snow-monkey-forms-item smf-item\"><div class=\"smf-item__col smf-item__col--label\"><div class=\"smf-item__label\"><span class=\"smf-item__label__text\"><strong><strong><strong>Nombre del tour<\/strong> <\/strong><\/strong><mark style=\"background-color:rgba(0, 0, 0, 0)\" class=\"has-inline-color has-vivid-red-color\">\u203b<\/mark><\/span><\/div><\/div><div class=\"smf-item__col smf-item__col--controls\"><div class=\"smf-item__controls\"><\/div><\/div><\/div>\n<\/div>\n\n\n\n<div class=\"wp-block-column is-vertically-aligned-center is-layout-flow wp-block-column-is-layout-flow\" style=\"flex-basis:70%\">\n<div class=\"smf-placeholder\" data-name=\"tour-name\"><div class=\"smf-text-control\">\n\t\t\t\t<input type=\"text\" name=\"tour-name\" value=\"\" class=\"smf-text-control__control\" data-validations=\"required\">\n\t\t\t<\/div>\n\t\t\t<\/div>\n<\/div>\n<\/div>\n\n\n\n<div class=\"wp-block-columns are-vertically-aligned-center sideby is-layout-flex wp-container-core-columns-is-layout-9d6595d7 wp-block-columns-is-layout-flex\">\n<div class=\"wp-block-column is-vertically-aligned-center is-layout-flow wp-block-column-is-layout-flow\" style=\"flex-basis:30%\">\n<div class=\"wp-block-snow-monkey-forms-item smf-item\"><div class=\"smf-item__col smf-item__col--label\"><div class=\"smf-item__label\"><span class=\"smf-item__label__text\"><strong><strong><strong><strong>N\u00famero de participantes<\/strong><\/strong> <\/strong><\/strong><mark style=\"background-color:rgba(0, 0, 0, 0)\" class=\"has-inline-color has-vivid-red-color\">\u203b<\/mark><\/span><\/div><\/div><div class=\"smf-item__col smf-item__col--controls\"><div class=\"smf-item__controls\"><\/div><\/div><\/div>\n<\/div>\n\n\n\n<div class=\"wp-block-column is-vertically-aligned-center is-layout-flow wp-block-column-is-layout-flow\" style=\"flex-basis:70%\">\n<div class=\"smf-placeholder\" data-name=\"number-participants\"><div class=\"smf-text-control\">\n\t\t\t\t<input type=\"text\" name=\"number-participants\" value=\"\" class=\"smf-text-control__control\" data-validations=\"required\" aria-describedby=\"number-participants--input-description\">\n\t\t\t<\/div>\n\t\t\t<div class=\"smf-control-description\" id=\"number-participants--input-description\">personas<\/div><\/div>\n<\/div>\n<\/div>\n\n\n\n<div class=\"wp-block-columns sideby_dep sideby is-layout-flex wp-container-core-columns-is-layout-9d6595d7 wp-block-columns-is-layout-flex\">\n<div class=\"wp-block-column is-vertically-aligned-center is-layout-flow wp-block-column-is-layout-flow\" style=\"flex-basis:30%\">\n<div class=\"wp-block-snow-monkey-forms-item smf-item\"><div class=\"smf-item__col smf-item__col--label\"><div class=\"smf-item__label\"><span class=\"smf-item__label__text\"><strong><strong><strong>Introduzca la Fecha de Inicio<\/strong><\/strong><\/strong> <mark style=\"background-color:rgba(0, 0, 0, 0)\" class=\"has-inline-color has-vivid-red-color\">\u203b<\/mark><\/span><\/div><\/div><div class=\"smf-item__col smf-item__col--controls\"><div class=\"smf-item__controls\"><\/div><\/div><\/div>\n<\/div>\n\n\n\n<div class=\"wp-block-column is-vertically-aligned-center is-layout-flow wp-block-column-is-layout-flow\" style=\"flex-basis:23%\">\n<div class=\"smf-placeholder\" data-name=\"departure-date-year\"><div class=\"smf-text-control\">\n\t\t\t\t<input type=\"text\" name=\"departure-date-year\" value=\"\" class=\"smf-text-control__control\" data-validations=\"required\" aria-describedby=\"departure-date-year--input-description\">\n\t\t\t<\/div>\n\t\t\t<div class=\"smf-control-description\" id=\"departure-date-year--input-description\">a\u00f1o<\/div><\/div>\n<\/div>\n\n\n\n<div class=\"wp-block-column is-vertically-aligned-center is-layout-flow wp-block-column-is-layout-flow\" style=\"flex-basis:23%\">\n<div class=\"smf-placeholder\" data-name=\"departure-date-month\"><div class=\"smf-text-control\">\n\t\t\t\t<input type=\"text\" name=\"departure-date-month\" value=\"\" class=\"smf-text-control__control\" data-validations=\"required\" aria-describedby=\"departure-date-month--input-description\">\n\t\t\t<\/div>\n\t\t\t<div class=\"smf-control-description\" id=\"departure-date-month--input-description\">mes<\/div><\/div>\n<\/div>\n\n\n\n<div class=\"wp-block-column is-vertically-aligned-center is-layout-flow wp-block-column-is-layout-flow\" style=\"flex-basis:24%\">\n<div class=\"smf-placeholder\" data-name=\"departure-date-days\"><div class=\"smf-text-control\">\n\t\t\t\t<input type=\"text\" name=\"departure-date-days\" value=\"\" class=\"smf-text-control__control\" data-validations=\"required\" aria-describedby=\"departure-date-days--input-description\">\n\t\t\t<\/div>\n\t\t\t<div class=\"smf-control-description\" id=\"departure-date-days--input-description\">d\u00eda<\/div><\/div>\n<\/div>\n<\/div>\n\n\n\n<div class=\"wp-block-columns are-vertically-aligned-center is-layout-flex wp-container-core-columns-is-layout-9d6595d7 wp-block-columns-is-layout-flex\">\n<div class=\"wp-block-column is-vertically-aligned-center is-layout-flow wp-block-column-is-layout-flow\" style=\"flex-basis:30%\">\n<div class=\"wp-block-snow-monkey-forms-item smf-item\"><div class=\"smf-item__col smf-item__col--label\"><div class=\"smf-item__label\"><span class=\"smf-item__label__text\"><strong><strong>Nombre<\/strong><\/strong> <mark style=\"background-color:rgba(0, 0, 0, 0)\" class=\"has-inline-color has-vivid-red-color\">\u203b<\/mark><\/span><\/div><\/div><div class=\"smf-item__col smf-item__col--controls\"><div class=\"smf-item__controls\"><\/div><\/div><\/div>\n<\/div>\n\n\n\n<div class=\"wp-block-column is-vertically-aligned-center is-layout-flow wp-block-column-is-layout-flow\" style=\"flex-basis:35%\">\n<div class=\"smf-placeholder\" data-name=\"first_name\"><div class=\"smf-text-control\">\n\t\t\t\t<input type=\"text\" name=\"first_name\" value=\"\" placeholder=\"apellido\" class=\"smf-text-control__control\" data-validations=\"required\">\n\t\t\t<\/div>\n\t\t\t<\/div>\n<\/div>\n\n\n\n<div class=\"wp-block-column is-vertically-aligned-center is-layout-flow wp-block-column-is-layout-flow\" style=\"flex-basis:35%\">\n<div class=\"smf-placeholder\" data-name=\"last_name\"><div class=\"smf-text-control\">\n\t\t\t\t<input type=\"text\" name=\"last_name\" value=\"\" placeholder=\"nombre\" class=\"smf-text-control__control\" data-validations=\"required\">\n\t\t\t<\/div>\n\t\t\t<\/div>\n<\/div>\n<\/div>\n\n\n\n<div class=\"wp-block-columns are-vertically-aligned-center is-layout-flex wp-container-core-columns-is-layout-9d6595d7 wp-block-columns-is-layout-flex\">\n<div class=\"wp-block-column is-vertically-aligned-center is-layout-flow wp-block-column-is-layout-flow\" style=\"flex-basis:30%\">\n<div class=\"wp-block-snow-monkey-forms-item smf-item\"><div class=\"smf-item__col smf-item__col--label\"><div class=\"smf-item__label\"><span class=\"smf-item__label__text\"><strong><strong><strong>E-mail<\/strong><\/strong><\/strong> <mark style=\"background-color:rgba(0, 0, 0, 0)\" class=\"has-inline-color has-vivid-red-color\">\u203b<\/mark><\/span><\/div><\/div><div class=\"smf-item__col smf-item__col--controls\"><div class=\"smf-item__controls\"><\/div><\/div><\/div>\n<\/div>\n\n\n\n<div class=\"wp-block-column is-vertically-aligned-center is-layout-flow wp-block-column-is-layout-flow\" style=\"flex-basis:70%\">\n<div class=\"smf-placeholder\" data-name=\"email\"><div class=\"smf-text-control\">\n\t\t\t\t<input type=\"email\" autocomplete=\"email\" name=\"email\" value=\"\" class=\"smf-text-control__control\" data-validations=\"email required\">\n\t\t\t<\/div>\n\t\t\t<\/div>\n<\/div>\n<\/div>\n\n\n\n<div class=\"wp-block-columns are-vertically-aligned-center is-layout-flex wp-container-core-columns-is-layout-9d6595d7 wp-block-columns-is-layout-flex\">\n<div class=\"wp-block-column is-vertically-aligned-center is-layout-flow wp-block-column-is-layout-flow\" style=\"flex-basis:30%\">\n<div class=\"wp-block-snow-monkey-forms-item smf-item\"><div class=\"smf-item__col smf-item__col--label\"><div class=\"smf-item__label\"><span class=\"smf-item__label__text\"><strong><strong><strong><strong>tel\u00e9fono<\/strong><\/strong> <\/strong><\/strong><mark style=\"background-color:rgba(0, 0, 0, 0)\" class=\"has-inline-color has-vivid-red-color\">\u203b<\/mark><\/span><\/div><\/div><div class=\"smf-item__col smf-item__col--controls\"><div class=\"smf-item__controls\"><\/div><\/div><\/div>\n<\/div>\n\n\n\n<div class=\"wp-block-column is-vertically-aligned-center is-layout-flow wp-block-column-is-layout-flow\" style=\"flex-basis:70%\">\n<div class=\"smf-placeholder\" data-name=\"tel\"><div class=\"smf-text-control\">\n\t\t\t\t<input type=\"text\" name=\"tel\" value=\"\" class=\"smf-text-control__control\">\n\t\t\t<\/div>\n\t\t\t<\/div>\n<\/div>\n<\/div>\n\n\n\n<div class=\"wp-block-columns are-vertically-aligned-center is-layout-flex wp-container-core-columns-is-layout-9d6595d7 wp-block-columns-is-layout-flex\">\n<div class=\"wp-block-column is-vertically-aligned-center is-layout-flow wp-block-column-is-layout-flow\" style=\"flex-basis:30%\">\n<div class=\"wp-block-snow-monkey-forms-item smf-item\"><div class=\"smf-item__col smf-item__col--label\"><div class=\"smf-item__label\"><span class=\"smf-item__label__text\"><strong><strong>mensaje<\/strong><\/strong><\/span><\/div><\/div><div class=\"smf-item__col smf-item__col--controls\"><div class=\"smf-item__controls\">\n<p><\/p>\n<\/div><\/div><\/div>\n<\/div>\n\n\n\n<div class=\"wp-block-column is-vertically-aligned-center is-layout-flow wp-block-column-is-layout-flow\" style=\"flex-basis:70%\">\n<div class=\"smf-placeholder\" data-name=\"message\"><div class=\"smf-textarea-control\">\n\t\t\t\t<textarea name=\"message\" rows=\"10\" class=\"smf-textarea-control__control\"><\/textarea>\n\t\t\t<\/div>\n\t\t\t<\/div>\n<\/div>\n<\/div>\n\n\n\n<pre class=\"wp-block-preformatted\"><br><br>El personal de Hankyu Travel International Europe responder\u00e1 dentro de 2 d\u00edas<br>laborables como m\u00e1ximo.<br><\/pre>\n<\/div>\n\n\t<div class=\"smf-action\">\n\t\t\t<\/div>\n\n\t<div class=\"smf-system-error-content-ready\">\n\t\t\u4e88\u671f\u3057\u306a\u3044\u554f\u984c\u304c\u767a\u751f\u3057\u307e\u3057\u305f\u3002 \u5f8c\u3067\u3082\u3046\u4e00\u5ea6\u3084\u308a\u76f4\u3059\u304b\u3001\u4ed6\u306e\u65b9\u6cd5\u3067\u7ba1\u7406\u8005\u306b\u9023\u7d61\u3057\u3066\u304f\u3060\u3055\u3044\u3002\t<\/div>\n\n\t<input type=\"hidden\" name=\"snow-monkey-forms-meta[formid]\" value=\"364\">\t<\/form>\n\n\n\n<p><\/p>\n","protected":false},"excerpt":{"rendered":"<p>Reserva\uff5cJap\u00f3n Viajes<\/p>\n","protected":false},"author":1,"featured_media":0,"parent":353,"menu_order":0,"comment_status":"closed","ping_status":"closed","template":"page-reservation_form.php","meta":{"_acf_changed":false,"footnotes":""},"class_list":["post-366","page","type-page","status-publish","hentry"],"acf":[],"_links":{"self":[{"href":"https:\/\/hankyu-euro.com\/es\/wp-json\/wp\/v2\/pages\/366","targetHints":{"allow":["GET"]}}],"collection":[{"href":"https:\/\/hankyu-euro.com\/es\/wp-json\/wp\/v2\/pages"}],"about":[{"href":"https:\/\/hankyu-euro.com\/es\/wp-json\/wp\/v2\/types\/page"}],"author":[{"embeddable":true,"href":"https:\/\/hankyu-euro.com\/es\/wp-json\/wp\/v2\/users\/1"}],"replies":[{"embeddable":true,"href":"https:\/\/hankyu-euro.com\/es\/wp-json\/wp\/v2\/comments?post=366"}],"version-history":[{"count":6,"href":"https:\/\/hankyu-euro.com\/es\/wp-json\/wp\/v2\/pages\/366\/revisions"}],"predecessor-version":[{"id":614,"href":"https:\/\/hankyu-euro.com\/es\/wp-json\/wp\/v2\/pages\/366\/revisions\/614"}],"up":[{"embeddable":true,"href":"https:\/\/hankyu-euro.com\/es\/wp-json\/wp\/v2\/pages\/353"}],"wp:attachment":[{"href":"https:\/\/hankyu-euro.com\/es\/wp-json\/wp\/v2\/media?parent=366"}],"curies":[{"name":"wp","href":"https:\/\/api.w.org\/{rel}","templated":true}]}}